{"id":531,"date":"2023-10-24T11:03:17","date_gmt":"2023-10-24T17:03:17","guid":{"rendered":"https:\/\/pfranciscom.wordpress.com\/?page_id=531"},"modified":"2023-10-24T11:03:17","modified_gmt":"2023-10-24T17:03:17","slug":"creditos","status":"publish","type":"page","link":"https:\/\/premiofranciscomercado.org\/?page_id=531","title":{"rendered":"Cr\u00e9ditos"},"content":{"rendered":"\n<p class=\"has-text-align-left has-small-font-size\"><strong>Dise\u00f1o del logotipo y gu\u00eda de dise\u00f1o<\/strong><br>Itzel Torres Garc\u00eda<br><br><strong>Desarrollo del sitio<\/strong><br>Mauricio E. Correa-Mauricio<br>Leticia Robles-Silva<br><br><strong>Gesti\u00f3n del sitio<\/strong><br>Mauricio E. Correa-Mauricio<br><br><br><\/p>\n","protected":false},"excerpt":{"rendered":"<p>Dise\u00f1o del logotipo y gu\u00eda de dise\u00f1oItzel Torres Garc\u00eda Desarrollo del sitioMauricio E. Correa-MauricioLeticia Robles-Silva Gesti\u00f3n del sitioMauricio E. Correa-Mauricio<\/p>\n","protected":false},"author":2,"featured_media":0,"parent":0,"menu_order":0,"comment_status":"closed","ping_status":"closed","template":"","meta":{"footnotes":""},"class_list":["post-531","page","type-page","status-publish","hentry"],"_links":{"self":[{"href":"https:\/\/premiofranciscomercado.org\/index.php?rest_route=\/wp\/v2\/pages\/531","targetHints":{"allow":["GET"]}}],"collection":[{"href":"https:\/\/premiofranciscomercado.org\/index.php?rest_route=\/wp\/v2\/pages"}],"about":[{"href":"https:\/\/premiofranciscomercado.org\/index.php?rest_route=\/wp\/v2\/types\/page"}],"author":[{"embeddable":true,"href":"https:\/\/premiofranciscomercado.org\/index.php?rest_route=\/wp\/v2\/users\/2"}],"replies":[{"embeddable":true,"href":"https:\/\/premiofranciscomercado.org\/index.php?rest_route=%2Fwp%2Fv2%2Fcomments&post=531"}],"version-history":[{"count":0,"href":"https:\/\/premiofranciscomercado.org\/index.php?rest_route=\/wp\/v2\/pages\/531\/revisions"}],"wp:attachment":[{"href":"https:\/\/premiofranciscomercado.org\/index.php?rest_route=%2Fwp%2Fv2%2Fmedia&parent=531"}],"curies":[{"name":"wp","href":"https:\/\/api.w.org\/{rel}","templated":true}]}}