{"id":353,"date":"2023-10-16T14:55:19","date_gmt":"2023-10-16T20:55:19","guid":{"rendered":"https:\/\/pfranciscom.wordpress.com\/?page_id=353"},"modified":"2025-12-01T15:27:20","modified_gmt":"2025-12-01T21:27:20","slug":"ceremonias-de-premiacion","status":"publish","type":"page","link":"https:\/\/premiofranciscomercado.org\/?page_id=353","title":{"rendered":"Ceremonias de Premiaci\u00f3n"},"content":{"rendered":"\n<p class=\"has-text-align-center has-white-color has-text-color has-background has-link-color has-eb-garamond-font-family has-large-font-size wp-elements-a0604e3c9f989e35146a4226df1b9b3a\" style=\"background-color:#d3812a;line-height:1\">Edici\u00f3n 2025 | Ceremonia de premiaci\u00f3n y Conferencia de tesis premiada<\/p>\n\n\n\n<figure class=\"wp-block-embed is-type-video is-provider-youtube wp-block-embed-youtube wp-embed-aspect-16-9 wp-has-aspect-ratio\"><div class=\"wp-block-embed__wrapper\">\n<iframe loading=\"lazy\" title=\"Ceremonia de Premiaci\u00f3n y Conferencia de Tesis Premiada | Edici\u00f3n 2025\" width=\"1100\" height=\"619\" src=\"https:\/\/www.youtube.com\/embed\/YIYd3HTMF1s?feature=oembed\" frameborder=\"0\" allow=\"accelerometer; autoplay; clipboard-write; encrypted-media; gyroscope; picture-in-picture; web-share\" referrerpolicy=\"strict-origin-when-cross-origin\" allowfullscreen><\/iframe>\n<\/div><\/figure>\n\n\n\n<p class=\"has-text-align-center has-white-color has-text-color has-background has-link-color has-eb-garamond-font-family has-large-font-size wp-elements-0924e7e7bbe9542740c039ee637da39b\" style=\"background-color:#d3812a;line-height:1\">Edici\u00f3n 2020 | Ceremonia de premiaci\u00f3n<\/p>\n\n\n\n<figure class=\"wp-block-embed is-type-video is-provider-youtube wp-block-embed-youtube wp-embed-aspect-16-9 wp-has-aspect-ratio\"><div class=\"wp-block-embed__wrapper\">\n<iframe loading=\"lazy\" title=\"Ceremonia de premiaci\u00f3n. Premio Francisco Mercado. Edici\u00f3n 2020\" width=\"1100\" height=\"619\" src=\"https:\/\/www.youtube.com\/embed\/6ldngSYWYQA?start=4734&#038;feature=oembed\" frameborder=\"0\" allow=\"accelerometer; autoplay; clipboard-write; encrypted-media; gyroscope; picture-in-picture; web-share\" allowfullscreen><\/iframe>\n<\/div><\/figure>\n","protected":false},"excerpt":{"rendered":"<p>Edici\u00f3n 2025 | Ceremonia de premiaci\u00f3n y Conferencia de tesis premiada Edici\u00f3n 2020 | Ceremonia de premiaci\u00f3n<\/p>\n","protected":false},"author":2,"featured_media":0,"parent":0,"menu_order":0,"comment_status":"closed","ping_status":"closed","template":"","meta":{"footnotes":""},"class_list":["post-353","page","type-page","status-publish","hentry"],"_links":{"self":[{"href":"https:\/\/premiofranciscomercado.org\/index.php?rest_route=\/wp\/v2\/pages\/353","targetHints":{"allow":["GET"]}}],"collection":[{"href":"https:\/\/premiofranciscomercado.org\/index.php?rest_route=\/wp\/v2\/pages"}],"about":[{"href":"https:\/\/premiofranciscomercado.org\/index.php?rest_route=\/wp\/v2\/types\/page"}],"author":[{"embeddable":true,"href":"https:\/\/premiofranciscomercado.org\/index.php?rest_route=\/wp\/v2\/users\/2"}],"replies":[{"embeddable":true,"href":"https:\/\/premiofranciscomercado.org\/index.php?rest_route=%2Fwp%2Fv2%2Fcomments&post=353"}],"version-history":[{"count":2,"href":"https:\/\/premiofranciscomercado.org\/index.php?rest_route=\/wp\/v2\/pages\/353\/revisions"}],"predecessor-version":[{"id":1488,"href":"https:\/\/premiofranciscomercado.org\/index.php?rest_route=\/wp\/v2\/pages\/353\/revisions\/1488"}],"wp:attachment":[{"href":"https:\/\/premiofranciscomercado.org\/index.php?rest_route=%2Fwp%2Fv2%2Fmedia&parent=353"}],"curies":[{"name":"wp","href":"https:\/\/api.w.org\/{rel}","templated":true}]}}