{"id":339,"date":"2023-10-16T14:47:20","date_gmt":"2023-10-16T20:47:20","guid":{"rendered":"https:\/\/pfranciscom.wordpress.com\/?page_id=339"},"modified":"2023-10-16T14:47:20","modified_gmt":"2023-10-16T20:47:20","slug":"contacto","status":"publish","type":"page","link":"https:\/\/premiofranciscomercado.org\/?page_id=339","title":{"rendered":"Contacto"},"content":{"rendered":"\n<p class=\"has-text-align-center\" style=\"font-size:23px\">Puedes contactarnos a trav\u00e9s de nuestro correo electr\u00f3nico:<\/p>\n\n\n\n<p class=\"has-text-align-center\" style=\"font-size:23px\"><strong>premio.francisco.mercado@gmail.com<\/strong><\/p>\n\n\n\n<p class=\"has-text-align-center\" style=\"font-size:21px\">O a trav\u00e9s de nuestras redes sociales:<\/p>\n\n\n\n<p class=\"has-text-align-center\" style=\"font-size:23px\"><a href=\"https:\/\/www.facebook.com\/premiofranciscomercado\/\">Facebook<\/a> | <a href=\"https:\/\/www.instagram.com\/premiofranciscomercado\/\">Instagram<\/a><\/p>\n","protected":false},"excerpt":{"rendered":"<p>Puedes contactarnos a trav\u00e9s de nuestro correo electr\u00f3nico: premio.francisco.mercado@gmail.com O a trav\u00e9s de nuestras redes sociales: Facebook | Instagram<\/p>\n","protected":false},"author":2,"featured_media":0,"parent":0,"menu_order":0,"comment_status":"closed","ping_status":"closed","template":"","meta":{"footnotes":""},"class_list":["post-339","page","type-page","status-publish","hentry"],"_links":{"self":[{"href":"https:\/\/premiofranciscomercado.org\/index.php?rest_route=\/wp\/v2\/pages\/339","targetHints":{"allow":["GET"]}}],"collection":[{"href":"https:\/\/premiofranciscomercado.org\/index.php?rest_route=\/wp\/v2\/pages"}],"about":[{"href":"https:\/\/premiofranciscomercado.org\/index.php?rest_route=\/wp\/v2\/types\/page"}],"author":[{"embeddable":true,"href":"https:\/\/premiofranciscomercado.org\/index.php?rest_route=\/wp\/v2\/users\/2"}],"replies":[{"embeddable":true,"href":"https:\/\/premiofranciscomercado.org\/index.php?rest_route=%2Fwp%2Fv2%2Fcomments&post=339"}],"version-history":[{"count":0,"href":"https:\/\/premiofranciscomercado.org\/index.php?rest_route=\/wp\/v2\/pages\/339\/revisions"}],"wp:attachment":[{"href":"https:\/\/premiofranciscomercado.org\/index.php?rest_route=%2Fwp%2Fv2%2Fmedia&parent=339"}],"curies":[{"name":"wp","href":"https:\/\/api.w.org\/{rel}","templated":true}]}}