{"id":197,"date":"2023-10-15T13:37:44","date_gmt":"2023-10-15T19:37:44","guid":{"rendered":"https:\/\/pfranciscom.wordpress.com\/?page_id=197"},"modified":"2025-12-09T13:57:38","modified_gmt":"2025-12-09T19:57:38","slug":"comite-ejecutivo","status":"publish","type":"page","link":"https:\/\/premiofranciscomercado.org\/?page_id=197","title":{"rendered":"Comit\u00e9 Ejecutivo"},"content":{"rendered":"\n<p class=\"has-text-align-justify has-secondary-color has-text-color has-link-color has-normal-font-size wp-elements-7809cf372e8285b744ebde36d05d80d3\">El Comit\u00e9 Ejecutivo del Premio Francisco Mercado es el responsable de la organizaci\u00f3n de cada una de las Ediciones del premio y del proceso de dictaminaci\u00f3n de las tesis candidatas en cada una de sus ediciones. Lo forman acad\u00e9micas expertas en investigaci\u00f3n cualitativa en salud, una de ellas facultado como presidenta para representar al premio en eventos acad\u00e9micos y de difusi\u00f3n.<\/p>\n\n\n<div class=\"wp-block-image\">\n<figure class=\"aligncenter size-large is-resized\"><img loading=\"lazy\" decoding=\"async\" width=\"1920\" height=\"1080\" src=\"https:\/\/premiofranciscomercado.org\/wp-content\/uploads\/2023\/10\/separador-2.png?w=1024\" alt=\"\" class=\"wp-image-624\" style=\"width:50px\" srcset=\"https:\/\/premiofranciscomercado.org\/wp-content\/uploads\/2023\/10\/separador-2.png 1920w, https:\/\/premiofranciscomercado.org\/wp-content\/uploads\/2023\/10\/separador-2-300x169.png 300w, https:\/\/premiofranciscomercado.org\/wp-content\/uploads\/2023\/10\/separador-2-1024x576.png 1024w, https:\/\/premiofranciscomercado.org\/wp-content\/uploads\/2023\/10\/separador-2-768x432.png 768w, https:\/\/premiofranciscomercado.org\/wp-content\/uploads\/2023\/10\/separador-2-1536x864.png 1536w\" sizes=\"auto, (max-width: 1920px) 100vw, 1920px\" \/><\/figure>\n<\/div>\n\n\n<p class=\"has-text-align-center has-white-color has-text-color has-background has-link-color wp-elements-ed019bd54df9f0e1599378e9f19030ba\" style=\"background:linear-gradient(135deg,rgb(211,129,42) 0%,rgb(211,129,42) 100%);font-size:28px;letter-spacing:0px;line-height:1;text-transform:none\">Comit\u00e9 Ejecutivo Actual<\/p>\n\n\n\n<div class=\"wp-block-columns alignwide is-layout-flex wp-container-core-columns-is-layout-9d6595d7 wp-block-columns-is-layout-flex\">\n<div class=\"wp-block-column is-layout-flow wp-block-column-is-layout-flow\">\n<div class=\"wp-block-group\"><div class=\"wp-block-group__inner-container is-layout-flow wp-block-group-is-layout-flow\"><div class=\"wp-block-image\">\n<figure class=\"aligncenter size-full is-resized\"><img loading=\"lazy\" decoding=\"async\" width=\"1200\" height=\"1500\" src=\"https:\/\/premiofranciscomercado.org\/wp-content\/uploads\/2023\/12\/Azucena-Pedraz.jpg\" alt=\"\" class=\"wp-image-917\" style=\"aspect-ratio:3\/4;object-fit:cover;width:230px\" srcset=\"https:\/\/premiofranciscomercado.org\/wp-content\/uploads\/2023\/12\/Azucena-Pedraz.jpg 1200w, https:\/\/premiofranciscomercado.org\/wp-content\/uploads\/2023\/12\/Azucena-Pedraz-240x300.jpg 240w, https:\/\/premiofranciscomercado.org\/wp-content\/uploads\/2023\/12\/Azucena-Pedraz-819x1024.jpg 819w, https:\/\/premiofranciscomercado.org\/wp-content\/uploads\/2023\/12\/Azucena-Pedraz-768x960.jpg 768w, https:\/\/premiofranciscomercado.org\/wp-content\/uploads\/2023\/12\/Azucena-Pedraz-1100x1375.jpg 1100w\" sizes=\"auto, (max-width: 1200px) 100vw, 1200px\" \/><\/figure>\n<\/div>\n\n\n<p class=\"has-text-align-center\" id=\"block-a3e38373-5c90-41fe-9266-a931c28eec2d\" style=\"font-size:15px\"><a href=\"https:\/\/www.researchgate.net\/profile\/Azucena-Pedraz\" target=\"_blank\" rel=\"noreferrer noopener\"><strong>Azucena Pedraz Marcos<\/strong><\/a><br>Instituto de Salud Carlos III, Espa\u00f1a <\/p>\n<\/div><\/div>\n<\/div>\n\n\n\n<div class=\"wp-block-column is-layout-flow wp-block-column-is-layout-flow\">\n<div class=\"wp-block-group\"><div class=\"wp-block-group__inner-container is-layout-flow wp-block-group-is-layout-flow\"><div class=\"wp-block-image\">\n<figure class=\"aligncenter size-full is-resized\"><img loading=\"lazy\" decoding=\"async\" width=\"682\" height=\"1024\" src=\"https:\/\/premiofranciscomercado.org\/wp-content\/uploads\/2024\/09\/Denise-Gastaldo-website.jpg\" alt=\"\" class=\"wp-image-1231\" style=\"aspect-ratio:3\/4;object-fit:cover;width:230px\" srcset=\"https:\/\/premiofranciscomercado.org\/wp-content\/uploads\/2024\/09\/Denise-Gastaldo-website.jpg 682w, https:\/\/premiofranciscomercado.org\/wp-content\/uploads\/2024\/09\/Denise-Gastaldo-website-200x300.jpg 200w\" sizes=\"auto, (max-width: 682px) 100vw, 682px\" \/><\/figure>\n<\/div>\n\n\n<p class=\"has-text-align-center\" style=\"font-size:15px\"><a href=\"https:\/\/scholar.google.com\/citations?user=l2x0y5YAAAAJ&amp;hl=en\" target=\"_blank\" rel=\"noreferrer noopener\"><strong>Denise Gastaldo<\/strong><\/a><br>University of Toronto, Canad\u00e1<br><\/p>\n<\/div><\/div>\n<\/div>\n\n\n\n<div class=\"wp-block-column is-layout-flow wp-block-column-is-layout-flow\">\n<div class=\"wp-block-group\"><div class=\"wp-block-group__inner-container is-layout-flow wp-block-group-is-layout-flow\"><div class=\"wp-block-image\">\n<figure class=\"aligncenter size-full is-resized\"><img decoding=\"async\" src=\"https:\/\/premiofranciscomercado.org\/wp-content\/uploads\/2023\/10\/leticia-robles-1.jpg\" alt=\"\" class=\"wp-image-432\" style=\"aspect-ratio:3\/4;object-fit:cover;width:230px\"\/><\/figure>\n<\/div>\n\n\n<p class=\"has-text-align-center\" id=\"block-a3e38373-5c90-41fe-9266-a931c28eec2d\" style=\"font-size:15px\"><strong><a href=\"https:\/\/www.researchgate.net\/profile\/Leticia-Robles-Silva\">Leticia Robles-Silva<\/a><\/strong><br>Presidenta del Comit\u00e9 Ejecutivo<br>Universidad de Guadalajara, M\u00e9xico<\/p>\n<\/div><\/div>\n<\/div>\n<\/div>\n\n\n<div class=\"wp-block-image\">\n<figure class=\"aligncenter size-large is-resized\"><img loading=\"lazy\" decoding=\"async\" width=\"1920\" height=\"1080\" src=\"https:\/\/premiofranciscomercado.org\/wp-content\/uploads\/2023\/10\/separador-2.png?w=1024\" alt=\"\" class=\"wp-image-624\" style=\"width:50px\" srcset=\"https:\/\/premiofranciscomercado.org\/wp-content\/uploads\/2023\/10\/separador-2.png 1920w, https:\/\/premiofranciscomercado.org\/wp-content\/uploads\/2023\/10\/separador-2-300x169.png 300w, https:\/\/premiofranciscomercado.org\/wp-content\/uploads\/2023\/10\/separador-2-1024x576.png 1024w, https:\/\/premiofranciscomercado.org\/wp-content\/uploads\/2023\/10\/separador-2-768x432.png 768w, https:\/\/premiofranciscomercado.org\/wp-content\/uploads\/2023\/10\/separador-2-1536x864.png 1536w\" sizes=\"auto, (max-width: 1920px) 100vw, 1920px\" \/><\/figure>\n<\/div>\n\n\n<hr class=\"wp-block-separator has-alpha-channel-opacity\"\/>\n\n\n\n<p class=\"has-text-align-center has-white-color has-text-color has-background has-link-color wp-elements-0d5ae05ce669a3cb460f1fc0c476f0c2\" style=\"background:linear-gradient(135deg,rgb(211,129,42) 0%,rgb(211,129,42) 100%);font-size:30px;line-height:1\">Asistente del Premio<\/p>\n\n\n\n<div class=\"wp-block-media-text is-stacked-on-mobile is-vertically-aligned-center\" style=\"grid-template-columns:21% auto\"><figure class=\"wp-block-media-text__media\"><img loading=\"lazy\" decoding=\"async\" width=\"396\" height=\"495\" src=\"https:\/\/premiofranciscomercado.org\/wp-content\/uploads\/2024\/01\/mauricio-correa2.jpg\" alt=\"\" class=\"wp-image-1134 size-full\" srcset=\"https:\/\/premiofranciscomercado.org\/wp-content\/uploads\/2024\/01\/mauricio-correa2.jpg 396w, https:\/\/premiofranciscomercado.org\/wp-content\/uploads\/2024\/01\/mauricio-correa2-240x300.jpg 240w\" sizes=\"auto, (max-width: 396px) 100vw, 396px\" \/><\/figure><div class=\"wp-block-media-text__content\">\n<p style=\"font-size:15px\"><a href=\"https:\/\/scholar.google.com.mx\/citations?user=wN-B9YsAAAAJ&amp;hl=en\"><strong>Mauricio Correa<\/strong><\/a><br>Independiente<\/p>\n<\/div><\/div>\n\n\n<div class=\"wp-block-image\">\n<figure class=\"aligncenter size-large is-resized\"><img loading=\"lazy\" decoding=\"async\" width=\"1920\" height=\"1080\" src=\"https:\/\/premiofranciscomercado.org\/wp-content\/uploads\/2023\/10\/separador-2.png?w=1024\" alt=\"\" class=\"wp-image-624\" style=\"width:50px\" srcset=\"https:\/\/premiofranciscomercado.org\/wp-content\/uploads\/2023\/10\/separador-2.png 1920w, https:\/\/premiofranciscomercado.org\/wp-content\/uploads\/2023\/10\/separador-2-300x169.png 300w, https:\/\/premiofranciscomercado.org\/wp-content\/uploads\/2023\/10\/separador-2-1024x576.png 1024w, https:\/\/premiofranciscomercado.org\/wp-content\/uploads\/2023\/10\/separador-2-768x432.png 768w, https:\/\/premiofranciscomercado.org\/wp-content\/uploads\/2023\/10\/separador-2-1536x864.png 1536w\" sizes=\"auto, (max-width: 1920px) 100vw, 1920px\" \/><\/figure>\n<\/div>\n\n\n<hr class=\"wp-block-separator has-alpha-channel-opacity\"\/>\n\n\n\n<p class=\"has-text-align-center has-white-color has-text-color has-background has-link-color wp-elements-956f82753bfb32f0f1d18a7da56c5e08\" style=\"background:linear-gradient(135deg,rgb(211,129,42) 0%,rgb(211,129,42) 100%);font-size:30px;line-height:1\">Ex-miembros del Comit\u00e9 Ejecutivo <\/p>\n\n\n\n<div class=\"wp-block-columns alignwide is-layout-flex wp-container-core-columns-is-layout-9d6595d7 wp-block-columns-is-layout-flex\">\n<div class=\"wp-block-column is-layout-flow wp-block-column-is-layout-flow\">\n<div class=\"wp-block-group\"><div class=\"wp-block-group__inner-container is-layout-flow wp-block-group-is-layout-flow\"><div class=\"wp-block-image\">\n<figure class=\"aligncenter size-full is-resized\"><img decoding=\"async\" src=\"https:\/\/premiofranciscomercado.org\/wp-content\/uploads\/2023\/12\/Gabriela-Huepe-1-scaled.jpg\" alt=\"\" class=\"wp-image-944\" style=\"aspect-ratio:3\/4;object-fit:cover;width:180px\"\/><\/figure>\n<\/div>\n\n\n<p class=\"has-text-align-center has-text-color has-link-color wp-elements-106fcbca50de19dd5a78b3278919d6f3\" id=\"block-a3e38373-5c90-41fe-9266-a931c28eec2d\" style=\"color:#000000;font-size:15px\"><strong><a href=\"https:\/\/www.researchgate.net\/profile\/Gabriela-Ortega-2\">Gabriela Huepe Ortega<\/a><\/strong><br>Miembro temporal 2023-2025<br>Universidad de Chile, Chile<br>Presidenta del XI Congreso Iberoamericano de Investigaci\u00f3n Cualitativa en Salud<br>Santiago, Chile<br><br><\/p>\n\n\n\n<div class=\"wp-block-group\"><div class=\"wp-block-group__inner-container is-layout-flow wp-block-group-is-layout-flow\"><div class=\"wp-block-image\">\n<figure class=\"aligncenter size-full is-resized\"><img loading=\"lazy\" decoding=\"async\" width=\"356\" height=\"445\" src=\"https:\/\/premiofranciscomercado.org\/wp-content\/uploads\/2023\/12\/Rodolfo_Levin.jpg\" alt=\"\" class=\"wp-image-916\" style=\"aspect-ratio:3\/4;object-fit:cover;width:180px\" srcset=\"https:\/\/premiofranciscomercado.org\/wp-content\/uploads\/2023\/12\/Rodolfo_Levin.jpg 356w, https:\/\/premiofranciscomercado.org\/wp-content\/uploads\/2023\/12\/Rodolfo_Levin-240x300.jpg 240w\" sizes=\"auto, (max-width: 356px) 100vw, 356px\" \/><\/figure>\n<\/div>\n\n\n<p class=\"has-text-align-center has-foreground-color has-text-color has-link-color wp-elements-3e62ed2ca137372ad113bc4e698964db\" id=\"block-a3e38373-5c90-41fe-9266-a931c28eec2d\" style=\"font-size:15px\"><strong>Rodolfo Levin<\/strong> <br>Miembro temporal 2020-2021<br>Universidad de la Rep\u00fablica, Uruguay<br>Presidente del IX Congreso Iberoamericano de Investigaci\u00f3n Cualitativa en Salud<br>Montevideo, Uruguay<br><br><\/p>\n<\/div><\/div>\n<\/div><\/div>\n<\/div>\n\n\n\n<div class=\"wp-block-column is-layout-flow wp-block-column-is-layout-flow\">\n<div class=\"wp-block-group\"><div class=\"wp-block-group__inner-container is-layout-flow wp-block-group-is-layout-flow\"><div class=\"wp-block-image\">\n<figure class=\"aligncenter size-full is-resized\"><img loading=\"lazy\" decoding=\"async\" width=\"306\" height=\"306\" src=\"https:\/\/premiofranciscomercado.org\/wp-content\/uploads\/2023\/10\/carmen-de-la-cuesta-c.jpg\" alt=\"\" class=\"wp-image-423\" style=\"aspect-ratio:3\/4;object-fit:cover;width:180px\" srcset=\"https:\/\/premiofranciscomercado.org\/wp-content\/uploads\/2023\/10\/carmen-de-la-cuesta-c.jpg 306w, https:\/\/premiofranciscomercado.org\/wp-content\/uploads\/2023\/10\/carmen-de-la-cuesta-c-300x300.jpg 300w, https:\/\/premiofranciscomercado.org\/wp-content\/uploads\/2023\/10\/carmen-de-la-cuesta-c-150x150.jpg 150w\" sizes=\"auto, (max-width: 306px) 100vw, 306px\" \/><\/figure>\n<\/div>\n\n\n<div class=\"wp-block-group\"><div class=\"wp-block-group__inner-container is-layout-flow wp-block-group-is-layout-flow\">\n<p class=\"has-text-align-center has-text-color has-link-color wp-elements-ac6b6675c4555b2ae0bbfa9302e334f0\" style=\"color:#010101;font-size:15px\"><strong><a href=\"https:\/\/www.researchgate.net\/profile\/Carmen-Cuesta-Benjumea\">Carmen de la Cuesta Benjumea<\/a><\/strong><br>Miembro permanente 2020-2023<br>Universidad de Alicante, Espa\u00f1a<br><\/p>\n<\/div><\/div>\n<\/div><\/div>\n<\/div>\n<\/div>\n\n\n\n<hr class=\"wp-block-separator has-alpha-channel-opacity\"\/>\n","protected":false},"excerpt":{"rendered":"<p>El Comit\u00e9 Ejecutivo del Premio Francisco Mercado es el responsable de la organizaci\u00f3n de cada una de las Ediciones del premio y del proceso de dictaminaci\u00f3n de las tesis candidatas en cada una de sus ediciones. Lo forman acad\u00e9micas expertas en investigaci\u00f3n cualitativa en salud, una de ellas facultado como presidenta para representar al premio &hellip; <a href=\"https:\/\/premiofranciscomercado.org\/?page_id=197\" class=\"more-link\">Sigue leyendo <span class=\"screen-reader-text\">Comit\u00e9 Ejecutivo<\/span> <span class=\"meta-nav\">&rarr;<\/span><\/a><\/p>\n","protected":false},"author":2,"featured_media":0,"parent":0,"menu_order":0,"comment_status":"closed","ping_status":"closed","template":"","meta":{"footnotes":""},"class_list":["post-197","page","type-page","status-publish","hentry"],"_links":{"self":[{"href":"https:\/\/premiofranciscomercado.org\/index.php?rest_route=\/wp\/v2\/pages\/197","targetHints":{"allow":["GET"]}}],"collection":[{"href":"https:\/\/premiofranciscomercado.org\/index.php?rest_route=\/wp\/v2\/pages"}],"about":[{"href":"https:\/\/premiofranciscomercado.org\/index.php?rest_route=\/wp\/v2\/types\/page"}],"author":[{"embeddable":true,"href":"https:\/\/premiofranciscomercado.org\/index.php?rest_route=\/wp\/v2\/users\/2"}],"replies":[{"embeddable":true,"href":"https:\/\/premiofranciscomercado.org\/index.php?rest_route=%2Fwp%2Fv2%2Fcomments&post=197"}],"version-history":[{"count":21,"href":"https:\/\/premiofranciscomercado.org\/index.php?rest_route=\/wp\/v2\/pages\/197\/revisions"}],"predecessor-version":[{"id":1500,"href":"https:\/\/premiofranciscomercado.org\/index.php?rest_route=\/wp\/v2\/pages\/197\/revisions\/1500"}],"wp:attachment":[{"href":"https:\/\/premiofranciscomercado.org\/index.php?rest_route=%2Fwp%2Fv2%2Fmedia&parent=197"}],"curies":[{"name":"wp","href":"https:\/\/api.w.org\/{rel}","templated":true}]}}