{"id":1726,"date":"2026-04-21T10:38:05","date_gmt":"2026-04-21T16:38:05","guid":{"rendered":"https:\/\/premiofranciscomercado.org\/?page_id=1726"},"modified":"2026-04-21T12:21:23","modified_gmt":"2026-04-21T18:21:23","slug":"estancia-academica-virtual-de-entrenamiento-en-la-revision-de-pares-en-investigacion-cualitativa-en-salud-edicion-2027","status":"publish","type":"page","link":"https:\/\/premiofranciscomercado.org\/?page_id=1726","title":{"rendered":"Estancia acad\u00e9mica virtual de entrenamiento en la revisi\u00f3n de pares en investigaci\u00f3n cualitativa en salud | Edici\u00f3n 2027"},"content":{"rendered":"\n<p>Jaider Camilo Ot\u00e1lvaro es el acad\u00e9mico que lleva a cabo la Estancia acad\u00e9mica virtual de entrenamiento en la revisi\u00f3n de pares en investigaci\u00f3n cualitativa en salud.<\/p>\n\n\n\n<div class=\"wp-block-media-text has-media-on-the-right is-stacked-on-mobile\"><div class=\"wp-block-media-text__content\">\n<p><strong>Jaider Camilo Ot\u00e1lvaro<\/strong><br>Soci\u00f3logo, Magister en Salud P\u00fablica y Doctor en Salud P\u00fablica de la Universidad de Antioquia, Colombia<\/p>\n\n\n\n<p>Docente, Departamento de Sociolog\u00eda. Facultad de Ciencias Sociales y Humanas. Universidad de Antioquia, Colombia<\/p>\n\n\n\n<p><strong>Enlaces acad\u00e9micos<\/strong><br><a href=\"https:\/\/scienti.minciencias.gov.co\/cvlac\/visualizador\/generarCurriculoCv.do?cod_rh=0000995924\">CvLAC <\/a>| <a href=\"https:\/\/scholar.google.com\/citations?user=_eQVmrwAAAAJ&amp;hl=es\">Google Acad\u00e9mico<\/a> | <a href=\"https:\/\/orcid.org\/0000-0002-6293-6029\">ORCID <\/a>| <a href=\"https:\/\/impactu.colav.co\/person\/0000995924\/research\/products\">ImpactU<\/a><\/p>\n<\/div><figure class=\"wp-block-media-text__media\"><img loading=\"lazy\" decoding=\"async\" width=\"819\" height=\"1024\" src=\"https:\/\/premiofranciscomercado.org\/wp-content\/uploads\/2026\/04\/Jaider-Otalvaro-819x1024.jpg\" alt=\"\" class=\"wp-image-1738 size-full\" srcset=\"https:\/\/premiofranciscomercado.org\/wp-content\/uploads\/2026\/04\/Jaider-Otalvaro-819x1024.jpg 819w, https:\/\/premiofranciscomercado.org\/wp-content\/uploads\/2026\/04\/Jaider-Otalvaro-240x300.jpg 240w, https:\/\/premiofranciscomercado.org\/wp-content\/uploads\/2026\/04\/Jaider-Otalvaro-768x960.jpg 768w, https:\/\/premiofranciscomercado.org\/wp-content\/uploads\/2026\/04\/Jaider-Otalvaro.jpg 920w\" sizes=\"auto, (max-width: 819px) 100vw, 819px\" \/><\/figure><\/div>\n\n\n\n<p><\/p>\n","protected":false},"excerpt":{"rendered":"<p>Jaider Camilo Ot\u00e1lvaro es el acad\u00e9mico que lleva a cabo la Estancia acad\u00e9mica virtual de entrenamiento en la revisi\u00f3n de pares en investigaci\u00f3n cualitativa en salud. Jaider Camilo Ot\u00e1lvaroSoci\u00f3logo, Magister en Salud P\u00fablica y Doctor en Salud P\u00fablica de la Universidad de Antioquia, Colombia Docente, Departamento de Sociolog\u00eda. Facultad de Ciencias Sociales y Humanas. Universidad &hellip; <a href=\"https:\/\/premiofranciscomercado.org\/?page_id=1726\" class=\"more-link\">Sigue leyendo <span class=\"screen-reader-text\">Estancia acad\u00e9mica virtual de entrenamiento en la revisi\u00f3n de pares en investigaci\u00f3n cualitativa en salud | Edici\u00f3n 2027<\/span> <span class=\"meta-nav\">&rarr;<\/span><\/a><\/p>\n","protected":false},"author":2,"featured_media":0,"parent":0,"menu_order":0,"comment_status":"closed","ping_status":"closed","template":"","meta":{"footnotes":""},"class_list":["post-1726","page","type-page","status-publish","hentry"],"_links":{"self":[{"href":"https:\/\/premiofranciscomercado.org\/index.php?rest_route=\/wp\/v2\/pages\/1726","targetHints":{"allow":["GET"]}}],"collection":[{"href":"https:\/\/premiofranciscomercado.org\/index.php?rest_route=\/wp\/v2\/pages"}],"about":[{"href":"https:\/\/premiofranciscomercado.org\/index.php?rest_route=\/wp\/v2\/types\/page"}],"author":[{"embeddable":true,"href":"https:\/\/premiofranciscomercado.org\/index.php?rest_route=\/wp\/v2\/users\/2"}],"replies":[{"embeddable":true,"href":"https:\/\/premiofranciscomercado.org\/index.php?rest_route=%2Fwp%2Fv2%2Fcomments&post=1726"}],"version-history":[{"count":6,"href":"https:\/\/premiofranciscomercado.org\/index.php?rest_route=\/wp\/v2\/pages\/1726\/revisions"}],"predecessor-version":[{"id":1742,"href":"https:\/\/premiofranciscomercado.org\/index.php?rest_route=\/wp\/v2\/pages\/1726\/revisions\/1742"}],"wp:attachment":[{"href":"https:\/\/premiofranciscomercado.org\/index.php?rest_route=%2Fwp%2Fv2%2Fmedia&parent=1726"}],"curies":[{"name":"wp","href":"https:\/\/api.w.org\/{rel}","templated":true}]}}